{"id":5106,"date":"2026-03-26T16:49:49","date_gmt":"2026-03-26T16:49:49","guid":{"rendered":"https:\/\/snooker.com.br\/bilhar\/?post_type=product&#038;p=5106"},"modified":"2026-03-26T17:20:30","modified_gmt":"2026-03-26T17:20:30","slug":"mesa-florenca","status":"publish","type":"product","link":"https:\/\/snooker.com.br\/bilhar\/produtos\/mesa-florenca\/","title":{"rendered":"Mesa Floren\u00e7a"},"content":{"rendered":"<p>Mesa de Bilhar Floren\u00e7a<br \/>\nMesa MDF laminado ( diversas op\u00e7\u00f5es de cores )<br \/>\nBase de pedra ard\u00f3sia<br \/>\nCa\u00e7apas de quadro<br \/>\nTampo jantar MDF 18mm bipartido (Preto alto brilho)<br \/>\nSuporte externo para guardar o tampo<br \/>\nTecido acr\u00edlico ( cor a sua escolha )<\/p>\n<p>Acompanha:<\/p>\n<p>&#x1f3b1; 4 tacos ip\u00ea<br \/>\n&#x1f3b1; 1 jogo de bolas numeradas<br \/>\n&#x1f3b1; 1 tri\u00e2ngulo<br \/>\n&#x1f3b1; 1 suporte para at\u00e9 6 tacos<br \/>\n&#x1f3b1; 1 kit giz<\/p>\n<p>Garantia de 6 meses direto conosco<br \/>\nEntrega em at\u00e9 no m\u00e1ximo 30 dias \u00fateis<\/p>\n<p>Tamanhos (externos) e valores:<\/p>\n<p>2,08&#215;1,20m &#8211;<br \/>\n2,20&#215;1,20m &#8211;<br \/>\n2,30&#215;1,35m &#8211;<\/p>\n<p>&#x1f91d; Pagamento somente na entrega.<br \/>\n&#x1f4b3; Parcelamos em at\u00e9 12 vezes sem juros nos cart\u00f5es de cr\u00e9dito.<\/p>\n<p>&#x1f69a; Consulte valor de entrega.<\/p>\n<p>Para mais informa\u00e7\u00f5es voc\u00ea pode falar com a gente nas redes sociais @babbilhares ou por email, \u00e9 super r\u00e1pido e simples.<\/p>\n","protected":false},"excerpt":{"rendered":"<p>Nosso famoso modelo de MDF L\u00e2minado, podendo ser utilizado tanto para ambientes residenciais quanto para ambientes comerciais, uma \u00f3tima escolha quando falamos de qualidade e resist\u00eancia.<\/p>\n<p><a class=\"button\" href=\"https:\/\/api.whatsapp.com\/send?l=pt_pt&amp;phone=5551986081041&amp;text=Quero%20saber%20mais%20sobre%20o%20Mesa%20de%20Madeira%20Maci%C3%A7a\" target=\"_blank\" rel=\"noopener\">Comprar pelo Whatsapp<\/a><\/p>\n<p><a class=\"button\" href=\"https:\/\/snooker.com.br\/bilhar\/contatos\/\">Or\u00e7ar por email<\/a><\/p>\n","protected":false},"featured_media":5108,"template":"","meta":{"_joinchat":[]},"product_brand":[],"product_cat":[43],"product_tag":[58,70,71,72],"class_list":{"0":"post-5106","1":"product","2":"type-product","3":"status-publish","4":"has-post-thumbnail","6":"product_cat-mesa-de-bilhar-sinuca","7":"product_tag-mesa-de-bilhar","8":"product_tag-mesa-de-sinuca-comercial","9":"product_tag-mesa-de-sinuca-residencial","10":"product_tag-mesa-de-snooker","12":"first","13":"instock","14":"shipping-taxable","15":"product-type-simple"},"jetpack_sharing_enabled":true,"_links":{"self":[{"href":"https:\/\/snooker.com.br\/bilhar\/wp-json\/wp\/v2\/product\/5106","targetHints":{"allow":["GET"]}}],"collection":[{"href":"https:\/\/snooker.com.br\/bilhar\/wp-json\/wp\/v2\/product"}],"about":[{"href":"https:\/\/snooker.com.br\/bilhar\/wp-json\/wp\/v2\/types\/product"}],"wp:featuredmedia":[{"embeddable":true,"href":"https:\/\/snooker.com.br\/bilhar\/wp-json\/wp\/v2\/media\/5108"}],"wp:attachment":[{"href":"https:\/\/snooker.com.br\/bilhar\/wp-json\/wp\/v2\/media?parent=5106"}],"wp:term":[{"taxonomy":"product_brand","embeddable":true,"href":"https:\/\/snooker.com.br\/bilhar\/wp-json\/wp\/v2\/product_brand?post=5106"},{"taxonomy":"product_cat","embeddable":true,"href":"https:\/\/snooker.com.br\/bilhar\/wp-json\/wp\/v2\/product_cat?post=5106"},{"taxonomy":"product_tag","embeddable":true,"href":"https:\/\/snooker.com.br\/bilhar\/wp-json\/wp\/v2\/product_tag?post=5106"}],"curies":[{"name":"wp","href":"https:\/\/api.w.org\/{rel}","templated":true}]}}