{"id":4948,"date":"2021-09-02T08:37:22","date_gmt":"2021-09-02T08:37:22","guid":{"rendered":"https:\/\/snooker.com.br\/bilhar\/?post_type=product&#038;p=4948"},"modified":"2021-09-02T08:37:22","modified_gmt":"2021-09-02T08:37:22","slug":"pebolim-white","status":"publish","type":"product","link":"https:\/\/snooker.com.br\/bilhar\/produtos\/pebolim-white\/","title":{"rendered":"Pebolim White"},"content":{"rendered":"<p>Se voc\u00ea procura divers\u00e3o esse jogo vai te deixar muito animado, essa \u00e9 uma escolha \u00f3tima para voc\u00ea.<\/p>\n","protected":false},"excerpt":{"rendered":"<p>PEBOLIM MODELO B213 MS<br \/>\nFabricado em MDF 18mm Melam\u00ed\u00adnico<br \/>\nJogadores em Ferro Embutido<br \/>\nmedidas: 1,45 x 0,85 x 0,80<br \/>\nCom Molas e buchas<br \/>\nCor disponivel: Branco e Preto<br \/>\nBonito, Moderno, Forte e Resistente.<\/p>\n<p>Para mais informa\u00e7\u00f5es voc\u00ea pode falar com a gente nas redes sociais @babbilhares ou por email, \u00e9 super r\u00e1pido e simples.<\/p>\n","protected":false},"featured_media":4949,"template":"","meta":{"_joinchat":[]},"product_brand":[],"product_cat":[50],"product_tag":[180,97,98],"class_list":{"0":"post-4948","1":"product","2":"type-product","3":"status-publish","4":"has-post-thumbnail","6":"product_cat-pebolim","7":"product_tag-fla-flu","8":"product_tag-jogo-de-pebolim","9":"product_tag-pebolim","11":"first","12":"instock","13":"shipping-taxable","14":"product-type-simple"},"jetpack_sharing_enabled":true,"_links":{"self":[{"href":"https:\/\/snooker.com.br\/bilhar\/wp-json\/wp\/v2\/product\/4948","targetHints":{"allow":["GET"]}}],"collection":[{"href":"https:\/\/snooker.com.br\/bilhar\/wp-json\/wp\/v2\/product"}],"about":[{"href":"https:\/\/snooker.com.br\/bilhar\/wp-json\/wp\/v2\/types\/product"}],"wp:featuredmedia":[{"embeddable":true,"href":"https:\/\/snooker.com.br\/bilhar\/wp-json\/wp\/v2\/media\/4949"}],"wp:attachment":[{"href":"https:\/\/snooker.com.br\/bilhar\/wp-json\/wp\/v2\/media?parent=4948"}],"wp:term":[{"taxonomy":"product_brand","embeddable":true,"href":"https:\/\/snooker.com.br\/bilhar\/wp-json\/wp\/v2\/product_brand?post=4948"},{"taxonomy":"product_cat","embeddable":true,"href":"https:\/\/snooker.com.br\/bilhar\/wp-json\/wp\/v2\/product_cat?post=4948"},{"taxonomy":"product_tag","embeddable":true,"href":"https:\/\/snooker.com.br\/bilhar\/wp-json\/wp\/v2\/product_tag?post=4948"}],"curies":[{"name":"wp","href":"https:\/\/api.w.org\/{rel}","templated":true}]}}