{"id":4916,"date":"2021-08-01T11:21:49","date_gmt":"2021-08-01T11:21:49","guid":{"rendered":"https:\/\/snooker.com.br\/bilhar\/?post_type=product&#038;p=4916"},"modified":"2022-05-13T18:45:44","modified_gmt":"2022-05-13T18:45:44","slug":"capa-para-mesa-de-bilhar","status":"publish","type":"product","link":"https:\/\/snooker.com.br\/bilhar\/produtos\/capa-para-mesa-de-bilhar\/","title":{"rendered":"Capa para Mesa de Bilhar"},"content":{"rendered":"","protected":false},"excerpt":{"rendered":"<p>As capas s\u00e3o fabricadas sobre a medida da mesa<br \/>\nMaterial: Couro Sint\u00e9tico<br \/>\npeso aproximado por capa: 1,5 kg<br \/>\nCor: Preto\/marrom<br \/>\nEste produto \u00e9 indicado para prote\u00e7\u00e3o da mesa.<br \/>\nPara todos os tamanhos de mesas.<\/p>\n<p>Para mais informa\u00e7\u00f5es voc\u00ea pode falar com a gente nas redes sociais @babbilhares ou por email, \u00e9 super r\u00e1pido e simples.<\/p>\n<p><a href=\"https:\/\/api.whatsapp.com\/send?l=pt_pt&#038;phone=5551986081041&#038;text=Quero%20saber%20mais%20sobre%20o%20CAPA%20PARA%20MESA\" target=\"_blank\" rel=\"noopener\" class=\"button\">Comprar pelo Whatsapp<\/a><\/p>\n<p><a href=\"https:\/\/snooker.com.br\/bilhar\/contatos\/\"class=\"button\">Or\u00e7ar por email<\/a><\/p>\n","protected":false},"featured_media":4917,"template":"","meta":{"_joinchat":[]},"product_brand":[],"product_cat":[44],"product_tag":[171],"class_list":{"0":"post-4916","1":"product","2":"type-product","3":"status-publish","4":"has-post-thumbnail","6":"product_cat-acessorios","7":"product_tag-capa-de-mesa-de-bilhar","9":"first","10":"instock","11":"shipping-taxable","12":"product-type-simple"},"jetpack_sharing_enabled":true,"_links":{"self":[{"href":"https:\/\/snooker.com.br\/bilhar\/wp-json\/wp\/v2\/product\/4916","targetHints":{"allow":["GET"]}}],"collection":[{"href":"https:\/\/snooker.com.br\/bilhar\/wp-json\/wp\/v2\/product"}],"about":[{"href":"https:\/\/snooker.com.br\/bilhar\/wp-json\/wp\/v2\/types\/product"}],"wp:featuredmedia":[{"embeddable":true,"href":"https:\/\/snooker.com.br\/bilhar\/wp-json\/wp\/v2\/media\/4917"}],"wp:attachment":[{"href":"https:\/\/snooker.com.br\/bilhar\/wp-json\/wp\/v2\/media?parent=4916"}],"wp:term":[{"taxonomy":"product_brand","embeddable":true,"href":"https:\/\/snooker.com.br\/bilhar\/wp-json\/wp\/v2\/product_brand?post=4916"},{"taxonomy":"product_cat","embeddable":true,"href":"https:\/\/snooker.com.br\/bilhar\/wp-json\/wp\/v2\/product_cat?post=4916"},{"taxonomy":"product_tag","embeddable":true,"href":"https:\/\/snooker.com.br\/bilhar\/wp-json\/wp\/v2\/product_tag?post=4916"}],"curies":[{"name":"wp","href":"https:\/\/api.w.org\/{rel}","templated":true}]}}