{"id":4907,"date":"2021-08-01T11:12:36","date_gmt":"2021-08-01T11:12:36","guid":{"rendered":"https:\/\/snooker.com.br\/bilhar\/?post_type=product&#038;p=4907"},"modified":"2022-05-13T18:47:45","modified_gmt":"2022-05-13T18:47:45","slug":"jogo-de-bolas-numeradas-faixadas","status":"publish","type":"product","link":"https:\/\/snooker.com.br\/bilhar\/produtos\/jogo-de-bolas-numeradas-faixadas\/","title":{"rendered":"Jogo de Bolas Numeradas Faixadas"},"content":{"rendered":"","protected":false},"excerpt":{"rendered":"<p>jogo de bolas Numeradas Faixadas<br \/>\n50mm &#8211; 54mm &#8211; 56mm<\/p>\n<p>Para mais informa\u00e7\u00f5es voc\u00ea pode falar com a gente nas redes sociais @babbilhares ou por email, \u00e9 super r\u00e1pido e simples.<\/p>\n<p><a href=\"https:\/\/api.whatsapp.com\/send?l=pt_pt&#038;phone=5551986081041&#038;text=Quero%20saber%20mais%20sobre%20o%20JOGO%20DE%20BOLAS%20NUMERADAS%20FACHADAS\" target=\"_blank\" rel=\"noopener\" class=\"button\">Comprar pelo Whatsapp<\/a><\/p>\n<p><a href=\"https:\/\/snooker.com.br\/bilhar\/contatos\/\"class=\"button\">Or\u00e7ar por email<\/a><\/p>\n","protected":false},"featured_media":4908,"template":"","meta":{"_joinchat":[]},"product_brand":[],"product_cat":[44],"product_tag":[167],"class_list":{"0":"post-4907","1":"product","2":"type-product","3":"status-publish","4":"has-post-thumbnail","6":"product_cat-acessorios","7":"product_tag-jogo-de-bolas-numeradas","9":"first","10":"instock","11":"shipping-taxable","12":"product-type-simple"},"jetpack_sharing_enabled":true,"_links":{"self":[{"href":"https:\/\/snooker.com.br\/bilhar\/wp-json\/wp\/v2\/product\/4907","targetHints":{"allow":["GET"]}}],"collection":[{"href":"https:\/\/snooker.com.br\/bilhar\/wp-json\/wp\/v2\/product"}],"about":[{"href":"https:\/\/snooker.com.br\/bilhar\/wp-json\/wp\/v2\/types\/product"}],"wp:featuredmedia":[{"embeddable":true,"href":"https:\/\/snooker.com.br\/bilhar\/wp-json\/wp\/v2\/media\/4908"}],"wp:attachment":[{"href":"https:\/\/snooker.com.br\/bilhar\/wp-json\/wp\/v2\/media?parent=4907"}],"wp:term":[{"taxonomy":"product_brand","embeddable":true,"href":"https:\/\/snooker.com.br\/bilhar\/wp-json\/wp\/v2\/product_brand?post=4907"},{"taxonomy":"product_cat","embeddable":true,"href":"https:\/\/snooker.com.br\/bilhar\/wp-json\/wp\/v2\/product_cat?post=4907"},{"taxonomy":"product_tag","embeddable":true,"href":"https:\/\/snooker.com.br\/bilhar\/wp-json\/wp\/v2\/product_tag?post=4907"}],"curies":[{"name":"wp","href":"https:\/\/api.w.org\/{rel}","templated":true}]}}