{"id":4901,"date":"2021-08-01T11:09:30","date_gmt":"2021-08-01T11:09:30","guid":{"rendered":"https:\/\/snooker.com.br\/bilhar\/?post_type=product&#038;p=4901"},"modified":"2022-05-13T18:49:50","modified_gmt":"2022-05-13T18:49:50","slug":"rede-e-couro-para-mesa-de-redinha","status":"publish","type":"product","link":"https:\/\/snooker.com.br\/bilhar\/produtos\/rede-e-couro-para-mesa-de-redinha\/","title":{"rendered":"Rede e couro para mesa de Redinha"},"content":{"rendered":"","protected":false},"excerpt":{"rendered":"<p>Rede e couro para mesa de Redinha<\/p>\n<p>Para mais informa\u00e7\u00f5es voc\u00ea pode falar com a gente nas redes sociais @babbilhares ou por email, \u00e9 super r\u00e1pido e simples.<\/p>\n<p><a href=\"https:\/\/api.whatsapp.com\/send?l=pt_pt&#038;phone=5551986081041&#038;text=Quero%20saber%20mais%20sobre%20o%20JOGO%20DE%20REDE%20E%20COURO\" target=\"_blank\" rel=\"noopener\" class=\"button\">Comprar pelo Whatsapp<\/a><\/p>\n<p><a href=\"https:\/\/snooker.com.br\/bilhar\/contatos\/\"class=\"button\">Or\u00e7ar por email<\/a><\/p>\n","protected":false},"featured_media":4902,"template":"","meta":{"_joinchat":[]},"product_brand":[],"product_cat":[44],"product_tag":[165],"class_list":{"0":"post-4901","1":"product","2":"type-product","3":"status-publish","4":"has-post-thumbnail","6":"product_cat-acessorios","7":"product_tag-rede-e-couro-para-mesa-de-redinha","9":"first","10":"instock","11":"shipping-taxable","12":"product-type-simple"},"jetpack_sharing_enabled":true,"_links":{"self":[{"href":"https:\/\/snooker.com.br\/bilhar\/wp-json\/wp\/v2\/product\/4901","targetHints":{"allow":["GET"]}}],"collection":[{"href":"https:\/\/snooker.com.br\/bilhar\/wp-json\/wp\/v2\/product"}],"about":[{"href":"https:\/\/snooker.com.br\/bilhar\/wp-json\/wp\/v2\/types\/product"}],"wp:featuredmedia":[{"embeddable":true,"href":"https:\/\/snooker.com.br\/bilhar\/wp-json\/wp\/v2\/media\/4902"}],"wp:attachment":[{"href":"https:\/\/snooker.com.br\/bilhar\/wp-json\/wp\/v2\/media?parent=4901"}],"wp:term":[{"taxonomy":"product_brand","embeddable":true,"href":"https:\/\/snooker.com.br\/bilhar\/wp-json\/wp\/v2\/product_brand?post=4901"},{"taxonomy":"product_cat","embeddable":true,"href":"https:\/\/snooker.com.br\/bilhar\/wp-json\/wp\/v2\/product_cat?post=4901"},{"taxonomy":"product_tag","embeddable":true,"href":"https:\/\/snooker.com.br\/bilhar\/wp-json\/wp\/v2\/product_tag?post=4901"}],"curies":[{"name":"wp","href":"https:\/\/api.w.org\/{rel}","templated":true}]}}