{"id":4895,"date":"2021-08-01T11:02:58","date_gmt":"2021-08-01T11:02:58","guid":{"rendered":"https:\/\/snooker.com.br\/bilhar\/?post_type=product&#038;p=4895"},"modified":"2021-08-01T11:02:58","modified_gmt":"2021-08-01T11:02:58","slug":"luminarias-para-mesa-de-sinuca","status":"publish","type":"product","link":"https:\/\/snooker.com.br\/bilhar\/produtos\/luminarias-para-mesa-de-sinuca\/","title":{"rendered":"Lumin\u00e1rias para Mesa de Sinuca"},"content":{"rendered":"","protected":false},"excerpt":{"rendered":"<p>Lumin\u00e1ria para mesa<br \/>\nop\u00e7\u00e3o com: 1, 2 e 3 cubas.<\/p>\n<p>Para mais informa\u00e7\u00f5es voc\u00ea pode falar com a gente nas redes sociais @babbilhares ou por email, \u00e9 super r\u00e1pido e simples.<\/p>\n<p><a href=\"https:\/\/api.whatsapp.com\/send?l=pt_pt&#038;phone=5551999732884&#038;text=Quero%20saber%20mais%20sobre%20o%20LUMIN%C3%81RIAS\" target=\"_blank\" rel=\"noopener\" class=\"button\">Comprar pelo Whatsapp<\/a><\/p>\n<p><a href=\"https:\/\/snooker.com.br\/bilhar\/contatos\/\"class=\"button\">Or\u00e7ar por email<\/a><\/p>\n","protected":false},"featured_media":4896,"template":"","meta":{"_joinchat":[]},"product_brand":[],"product_cat":[44],"product_tag":[162],"class_list":{"0":"post-4895","1":"product","2":"type-product","3":"status-publish","4":"has-post-thumbnail","6":"product_cat-acessorios","7":"product_tag-luminarias-para-mesa-de-sinuca","9":"first","10":"instock","11":"shipping-taxable","12":"product-type-simple"},"jetpack_sharing_enabled":true,"_links":{"self":[{"href":"https:\/\/snooker.com.br\/bilhar\/wp-json\/wp\/v2\/product\/4895","targetHints":{"allow":["GET"]}}],"collection":[{"href":"https:\/\/snooker.com.br\/bilhar\/wp-json\/wp\/v2\/product"}],"about":[{"href":"https:\/\/snooker.com.br\/bilhar\/wp-json\/wp\/v2\/types\/product"}],"wp:featuredmedia":[{"embeddable":true,"href":"https:\/\/snooker.com.br\/bilhar\/wp-json\/wp\/v2\/media\/4896"}],"wp:attachment":[{"href":"https:\/\/snooker.com.br\/bilhar\/wp-json\/wp\/v2\/media?parent=4895"}],"wp:term":[{"taxonomy":"product_brand","embeddable":true,"href":"https:\/\/snooker.com.br\/bilhar\/wp-json\/wp\/v2\/product_brand?post=4895"},{"taxonomy":"product_cat","embeddable":true,"href":"https:\/\/snooker.com.br\/bilhar\/wp-json\/wp\/v2\/product_cat?post=4895"},{"taxonomy":"product_tag","embeddable":true,"href":"https:\/\/snooker.com.br\/bilhar\/wp-json\/wp\/v2\/product_tag?post=4895"}],"curies":[{"name":"wp","href":"https:\/\/api.w.org\/{rel}","templated":true}]}}