{"id":4877,"date":"2021-08-01T10:23:23","date_gmt":"2021-08-01T10:23:23","guid":{"rendered":"https:\/\/snooker.com.br\/bilhar\/?post_type=product&#038;p=4877"},"modified":"2021-08-01T10:23:24","modified_gmt":"2021-08-01T10:23:24","slug":"suporte-para-tacos-com-quadro","status":"publish","type":"product","link":"https:\/\/snooker.com.br\/bilhar\/produtos\/suporte-para-tacos-com-quadro\/","title":{"rendered":"Suporte para Tacos com Quadro"},"content":{"rendered":"","protected":false},"excerpt":{"rendered":"<p>Fabricado em Madeira,<br \/>\ncapacidade at\u00e9 6 tacos<br \/>\nQuadro para marca\u00e7\u00e3o.<\/p>\n<p>Para mais informa\u00e7\u00f5es voc\u00ea pode falar com a gente nas redes sociais @babbilhares ou por email, \u00e9 super r\u00e1pido e simples.<\/p>\n<p><a href=\"https:\/\/api.whatsapp.com\/send?l=pt_pt&#038;phone=5551999732884&#038;text=Quero%20saber%20mais%20sobre%20o%20SUPORTE%20PARA%20TACOS%20C\/%20QUADRO\" target=\"_blank\" rel=\"noopener\" class=\"button\">Comprar pelo Whatsapp<\/a><\/p>\n","protected":false},"featured_media":4878,"template":"","meta":{"_joinchat":[]},"product_brand":[],"product_cat":[44],"product_tag":[154,152,153],"class_list":{"0":"post-4877","1":"product","2":"type-product","3":"status-publish","4":"has-post-thumbnail","6":"product_cat-acessorios","7":"product_tag-quadro-para-marcar-sinuca","8":"product_tag-suporte-para-tacos","9":"product_tag-supote-de-tacos","11":"first","12":"instock","13":"shipping-taxable","14":"product-type-simple"},"jetpack_sharing_enabled":true,"_links":{"self":[{"href":"https:\/\/snooker.com.br\/bilhar\/wp-json\/wp\/v2\/product\/4877","targetHints":{"allow":["GET"]}}],"collection":[{"href":"https:\/\/snooker.com.br\/bilhar\/wp-json\/wp\/v2\/product"}],"about":[{"href":"https:\/\/snooker.com.br\/bilhar\/wp-json\/wp\/v2\/types\/product"}],"wp:featuredmedia":[{"embeddable":true,"href":"https:\/\/snooker.com.br\/bilhar\/wp-json\/wp\/v2\/media\/4878"}],"wp:attachment":[{"href":"https:\/\/snooker.com.br\/bilhar\/wp-json\/wp\/v2\/media?parent=4877"}],"wp:term":[{"taxonomy":"product_brand","embeddable":true,"href":"https:\/\/snooker.com.br\/bilhar\/wp-json\/wp\/v2\/product_brand?post=4877"},{"taxonomy":"product_cat","embeddable":true,"href":"https:\/\/snooker.com.br\/bilhar\/wp-json\/wp\/v2\/product_cat?post=4877"},{"taxonomy":"product_tag","embeddable":true,"href":"https:\/\/snooker.com.br\/bilhar\/wp-json\/wp\/v2\/product_tag?post=4877"}],"curies":[{"name":"wp","href":"https:\/\/api.w.org\/{rel}","templated":true}]}}