{"id":4873,"date":"2021-08-01T10:18:43","date_gmt":"2021-08-01T10:18:43","guid":{"rendered":"https:\/\/snooker.com.br\/bilhar\/?post_type=product&#038;p=4873"},"modified":"2021-08-01T10:18:43","modified_gmt":"2021-08-01T10:18:43","slug":"taco-de-bilhar-desmontavel","status":"publish","type":"product","link":"https:\/\/snooker.com.br\/bilhar\/produtos\/taco-de-bilhar-desmontavel\/","title":{"rendered":"Taco de Bilhar Desmont\u00e1vel"},"content":{"rendered":"","protected":false},"excerpt":{"rendered":"<p>V\u00e1rios Modelos de Tacos de rosca<br \/>\nmarcas famosas<br \/>\nlinha amador<br \/>\nv\u00e1rios modelos Importados e Nacionais.<br \/>\ntacos de sinuca<\/p>\n<p>Para mais informa\u00e7\u00f5es voc\u00ea pode falar com a gente nas redes sociais @babbilhares ou por email, \u00e9 super r\u00e1pido e simples.<\/p>\n<p><a href=\"https:\/\/api.whatsapp.com\/send?l=pt_pt&#038;phone=5551999732884&#038;text=Quero%20saber%20mais%20sobre%20o%20TACO%20BILHAR%20DESMONT%C3%81VEL\" target=\"_blank\" rel=\"noopener\" class=\"button\">Comprar pelo Whatsapp<\/a><\/p>\n<p><a href=\"https:\/\/snooker.com.br\/bilhar\/contatos\/\"class=\"button\">Or\u00e7ar por email<\/a><\/p>\n","protected":false},"featured_media":4874,"template":"","meta":{"_joinchat":[]},"product_brand":[],"product_cat":[44],"product_tag":[146,143,144,147],"class_list":{"0":"post-4873","1":"product","2":"type-product","3":"status-publish","4":"has-post-thumbnail","6":"product_cat-acessorios","7":"product_tag-taco-de-bilhar","8":"product_tag-taco-de-sinuca","9":"product_tag-taco-de-snooker","10":"product_tag-taco-desmontavel","12":"first","13":"instock","14":"shipping-taxable","15":"product-type-simple"},"jetpack_sharing_enabled":true,"_links":{"self":[{"href":"https:\/\/snooker.com.br\/bilhar\/wp-json\/wp\/v2\/product\/4873","targetHints":{"allow":["GET"]}}],"collection":[{"href":"https:\/\/snooker.com.br\/bilhar\/wp-json\/wp\/v2\/product"}],"about":[{"href":"https:\/\/snooker.com.br\/bilhar\/wp-json\/wp\/v2\/types\/product"}],"wp:featuredmedia":[{"embeddable":true,"href":"https:\/\/snooker.com.br\/bilhar\/wp-json\/wp\/v2\/media\/4874"}],"wp:attachment":[{"href":"https:\/\/snooker.com.br\/bilhar\/wp-json\/wp\/v2\/media?parent=4873"}],"wp:term":[{"taxonomy":"product_brand","embeddable":true,"href":"https:\/\/snooker.com.br\/bilhar\/wp-json\/wp\/v2\/product_brand?post=4873"},{"taxonomy":"product_cat","embeddable":true,"href":"https:\/\/snooker.com.br\/bilhar\/wp-json\/wp\/v2\/product_cat?post=4873"},{"taxonomy":"product_tag","embeddable":true,"href":"https:\/\/snooker.com.br\/bilhar\/wp-json\/wp\/v2\/product_tag?post=4873"}],"curies":[{"name":"wp","href":"https:\/\/api.w.org\/{rel}","templated":true}]}}