{"id":4869,"date":"2021-08-01T10:16:36","date_gmt":"2021-08-01T10:16:36","guid":{"rendered":"https:\/\/snooker.com.br\/bilhar\/?post_type=product&#038;p=4869"},"modified":"2021-08-01T10:16:36","modified_gmt":"2021-08-01T10:16:36","slug":"taco-brasil","status":"publish","type":"product","link":"https:\/\/snooker.com.br\/bilhar\/produtos\/taco-brasil\/","title":{"rendered":"Taco Brasil"},"content":{"rendered":"","protected":false},"excerpt":{"rendered":"<p>Linha completa de Tacos Brasil<br \/>\nLinha Simples e Desmont\u00e1vel<\/p>\n<p>Tamanhos entre 1,45m e 1,50m.<\/p>\n<p>Para mais informa\u00e7\u00f5es voc\u00ea pode falar com a gente nas redes sociais @babbilhares ou por email, \u00e9 super r\u00e1pido e simples.<\/p>\n<p><a href=\"https:\/\/api.whatsapp.com\/send?l=pt_pt&#038;phone=5551999732884&#038;text=Quero%20saber%20mais%20sobre%20o%20Taco%20Brasil\" target=\"_blank\" rel=\"noopener\" class=\"button\">Comprar pelo Whatsapp<\/a><\/p>\n<p><a href=\"https:\/\/snooker.com.br\/bilhar\/contatos\/\"class=\"button\">Or\u00e7ar por email<\/a><\/p>\n","protected":false},"featured_media":4870,"template":"","meta":{"_joinchat":[]},"product_brand":[],"product_cat":[44],"product_tag":[142,146,143,144,145],"class_list":{"0":"post-4869","1":"product","2":"type-product","3":"status-publish","4":"has-post-thumbnail","6":"product_cat-acessorios","7":"product_tag-taco-brasil","8":"product_tag-taco-de-bilhar","9":"product_tag-taco-de-sinuca","10":"product_tag-taco-de-snooker","11":"product_tag-taco-profissional","13":"first","14":"instock","15":"shipping-taxable","16":"product-type-simple"},"jetpack_sharing_enabled":true,"_links":{"self":[{"href":"https:\/\/snooker.com.br\/bilhar\/wp-json\/wp\/v2\/product\/4869","targetHints":{"allow":["GET"]}}],"collection":[{"href":"https:\/\/snooker.com.br\/bilhar\/wp-json\/wp\/v2\/product"}],"about":[{"href":"https:\/\/snooker.com.br\/bilhar\/wp-json\/wp\/v2\/types\/product"}],"wp:featuredmedia":[{"embeddable":true,"href":"https:\/\/snooker.com.br\/bilhar\/wp-json\/wp\/v2\/media\/4870"}],"wp:attachment":[{"href":"https:\/\/snooker.com.br\/bilhar\/wp-json\/wp\/v2\/media?parent=4869"}],"wp:term":[{"taxonomy":"product_brand","embeddable":true,"href":"https:\/\/snooker.com.br\/bilhar\/wp-json\/wp\/v2\/product_brand?post=4869"},{"taxonomy":"product_cat","embeddable":true,"href":"https:\/\/snooker.com.br\/bilhar\/wp-json\/wp\/v2\/product_cat?post=4869"},{"taxonomy":"product_tag","embeddable":true,"href":"https:\/\/snooker.com.br\/bilhar\/wp-json\/wp\/v2\/product_tag?post=4869"}],"curies":[{"name":"wp","href":"https:\/\/api.w.org\/{rel}","templated":true}]}}