{"id":4808,"date":"2021-07-31T07:53:07","date_gmt":"2021-07-31T07:53:07","guid":{"rendered":"https:\/\/snooker.com.br\/bilhar\/?post_type=product&#038;p=4808"},"modified":"2021-07-31T07:53:08","modified_gmt":"2021-07-31T07:53:08","slug":"reformas-de-mesa","status":"publish","type":"product","link":"https:\/\/snooker.com.br\/bilhar\/produtos\/reformas-de-mesa\/","title":{"rendered":"Reformas de Mesa"},"content":{"rendered":"<p> Reforma, restaura\u00e7\u00e3o e conserto de mesa de bilhar e jogos solicite j\u00e1 seu or\u00e7amento e agende uma visita t\u00e9cnica.<\/p>\n<p>Transforma\u00e7\u00e3o que surpreende!<\/p>\n<p>Voc\u00ea que possui uma mesa de sinuca e quer deixa-la nova, possu\u00edmos um setor especializado em restaura\u00e7\u00e3o e reforma de mesas. Sem tirar as caracter\u00edsticas originais do produto, garanta a qualidade Bab Bilhares na sua mesa e renove sua sala de jogos.<\/p>\n<p>DIFERENCIAIS<\/p>\n<p>-Atendimento com especialista<br \/>\n-Equipe t\u00e9cnica especializada com anos de experi\u00eancia<br \/>\n-Confer\u00eancia e ajuste dentro das normas nacionais e internacionais<br \/>\n-Restaura\u00e7\u00e3o da madeira<br \/>\n-Nova pintura<br \/>\n-Acabamento impec\u00e1vel<br \/>\n-Troca de tecido<br \/>\n-Limpeza<br \/>\n-Troca de borracha<br \/>\n-Troca das ca\u00e7apas<br \/>\n-Nivelamento<\/p>\n<p>Para mais informa\u00e7\u00f5es voc\u00ea pode falar com a gente nas redes sociais @babbilhares ou por email, \u00e9 super r\u00e1pido e simples.<\/p>\n","protected":false},"excerpt":{"rendered":"<p>Para a Bab Bilhares nosso cliente est\u00e1 sempre em primeiro lugar, e por ter fabrica pr\u00f3pria, nos damos suporte para manuten\u00e7\u00e3o das mesas e dos nossos jogos, para contratar esse servi\u00e7o basta entrar em contato com nossa equipe, para agendar um hor\u00e1rio. <\/p>\n<p><a href=\"https:\/\/api.whatsapp.com\/send?l=pt_pt&#038;phone=5551999732884&#038;text=Quero%20saber%20mais%20sobre%20o%20REFORMA%20DE%20MESA\" target=\"_blank\" rel=\"noopener\" class=\"button\">Comprar pelo Whatsapp<\/a><\/p>\n<p><a href=\"https:\/\/snooker.com.br\/bilhar\/contatos\/\"class=\"button\">Or\u00e7ar por email<\/a><\/p>\n","protected":false},"featured_media":4809,"template":"","meta":{"_joinchat":[]},"product_brand":[],"product_cat":[53],"product_tag":[119,118,117,116,115,120,121],"class_list":{"0":"post-4808","1":"product","2":"type-product","3":"status-publish","4":"has-post-thumbnail","6":"product_cat-reformas","7":"product_tag-manutencao-de-mesa-de-bilhar","8":"product_tag-manutencao-em-mesa-de-sinuca","9":"product_tag-reforma-em-mesa-de-snookr","10":"product_tag-reformas-de-jogos-de-bilhar","11":"product_tag-reformas-de-mesa-de-sinuca","12":"product_tag-troca-de-tecido","13":"product_tag-troca-de-tecido-de-sinuca","15":"first","16":"instock","17":"shipping-taxable","18":"product-type-simple"},"jetpack_sharing_enabled":true,"_links":{"self":[{"href":"https:\/\/snooker.com.br\/bilhar\/wp-json\/wp\/v2\/product\/4808","targetHints":{"allow":["GET"]}}],"collection":[{"href":"https:\/\/snooker.com.br\/bilhar\/wp-json\/wp\/v2\/product"}],"about":[{"href":"https:\/\/snooker.com.br\/bilhar\/wp-json\/wp\/v2\/types\/product"}],"wp:featuredmedia":[{"embeddable":true,"href":"https:\/\/snooker.com.br\/bilhar\/wp-json\/wp\/v2\/media\/4809"}],"wp:attachment":[{"href":"https:\/\/snooker.com.br\/bilhar\/wp-json\/wp\/v2\/media?parent=4808"}],"wp:term":[{"taxonomy":"product_brand","embeddable":true,"href":"https:\/\/snooker.com.br\/bilhar\/wp-json\/wp\/v2\/product_brand?post=4808"},{"taxonomy":"product_cat","embeddable":true,"href":"https:\/\/snooker.com.br\/bilhar\/wp-json\/wp\/v2\/product_cat?post=4808"},{"taxonomy":"product_tag","embeddable":true,"href":"https:\/\/snooker.com.br\/bilhar\/wp-json\/wp\/v2\/product_tag?post=4808"}],"curies":[{"name":"wp","href":"https:\/\/api.w.org\/{rel}","templated":true}]}}