{"id":4806,"date":"2021-07-31T07:44:50","date_gmt":"2021-07-31T07:44:50","guid":{"rendered":"https:\/\/snooker.com.br\/bilhar\/?post_type=product&#038;p=4806"},"modified":"2022-05-13T18:41:05","modified_gmt":"2022-05-13T18:41:05","slug":"tampo-de-tenis-de-mesa-para-snooker","status":"publish","type":"product","link":"https:\/\/snooker.com.br\/bilhar\/produtos\/tampo-de-tenis-de-mesa-para-snooker\/","title":{"rendered":"Tampo de T\u00eanis de Mesa para Snooker"},"content":{"rendered":"<p>Tampo de T\u00eanis de mesa para Mesa de bilhar<br \/>\nAdapt\u00e1vel em todos os modelos de mesa.<br \/>\nMedidas Oficial: 2,74 x 1,53 (opcional)<\/p>\n","protected":false},"excerpt":{"rendered":"<p>Se voc\u00ea j\u00e1 tem uma mesa de bilhar e gostaria de ter a op\u00e7\u00e3o de jogar t\u00eanis de mesa, ent\u00e3o essa op\u00e7\u00e3o vai solucionar a sua dupla divers\u00e3o. <\/p>\n<p><a href=\"https:\/\/api.whatsapp.com\/send?l=pt_pt&#038;phone=5551986081041&#038;text=Quero%20saber%20mais%20sobre%20o%20TAMPO%20DE%20T%C3%83%C5%A0NIS%20DE%20MESA%20PARA%20MESA%20DE%20BILHAR\" target=\"_blank\" rel=\"noopener\" class=\"button\">Comprar pelo Whatsapp<\/a><\/p>\n<p><a href=\"https:\/\/snooker.com.br\/bilhar\/contatos\/\"class=\"button\">Or\u00e7ar por email<\/a><\/p>\n","protected":false},"featured_media":4807,"template":"","meta":{"_joinchat":[]},"product_brand":[],"product_cat":[52],"product_tag":[114,113,111,112],"class_list":{"0":"post-4806","1":"product","2":"type-product","3":"status-publish","4":"has-post-thumbnail","6":"product_cat-tenis-de-mesa","7":"product_tag-snooker-com-tenis-de-mesa","8":"product_tag-tampo-de-mesa","9":"product_tag-tampo-de-tenis-de-mesa","10":"product_tag-tampo-para-jogo-de-tenis","12":"first","13":"instock","14":"shipping-taxable","15":"product-type-simple"},"jetpack_sharing_enabled":true,"_links":{"self":[{"href":"https:\/\/snooker.com.br\/bilhar\/wp-json\/wp\/v2\/product\/4806","targetHints":{"allow":["GET"]}}],"collection":[{"href":"https:\/\/snooker.com.br\/bilhar\/wp-json\/wp\/v2\/product"}],"about":[{"href":"https:\/\/snooker.com.br\/bilhar\/wp-json\/wp\/v2\/types\/product"}],"wp:featuredmedia":[{"embeddable":true,"href":"https:\/\/snooker.com.br\/bilhar\/wp-json\/wp\/v2\/media\/4807"}],"wp:attachment":[{"href":"https:\/\/snooker.com.br\/bilhar\/wp-json\/wp\/v2\/media?parent=4806"}],"wp:term":[{"taxonomy":"product_brand","embeddable":true,"href":"https:\/\/snooker.com.br\/bilhar\/wp-json\/wp\/v2\/product_brand?post=4806"},{"taxonomy":"product_cat","embeddable":true,"href":"https:\/\/snooker.com.br\/bilhar\/wp-json\/wp\/v2\/product_cat?post=4806"},{"taxonomy":"product_tag","embeddable":true,"href":"https:\/\/snooker.com.br\/bilhar\/wp-json\/wp\/v2\/product_tag?post=4806"}],"curies":[{"name":"wp","href":"https:\/\/api.w.org\/{rel}","templated":true}]}}