{"id":4803,"date":"2021-07-31T07:41:11","date_gmt":"2021-07-31T07:41:11","guid":{"rendered":"https:\/\/snooker.com.br\/bilhar\/?post_type=product&#038;p=4803"},"modified":"2022-05-13T18:40:35","modified_gmt":"2022-05-13T18:40:35","slug":"tenis-de-mesa","status":"publish","type":"product","link":"https:\/\/snooker.com.br\/bilhar\/produtos\/tenis-de-mesa\/","title":{"rendered":"T\u00eanis de Mesa"},"content":{"rendered":"<p>Modelo B1019<br \/>\nEm MDF 18mm<br \/>\nexcelente acabamento em Primer<br \/>\nazul com linhas brancas<br \/>\nP\u00e9 de Madeira Maci\u00e7a dobr\u00e1veis<br \/>\nMedidas: 2,74 x 1,53<br \/>\nMedidas que atendem aos Padr\u00f5es da ITTF.<br \/>\n(International Table Tennis Federation).<\/p>\n","protected":false},"excerpt":{"rendered":"<p>Um dos jogos mais divertidos de se jogar aonde voc\u00ea precisa ter folego para se divertir, e dar boas risadas. <\/p>\n<p><a href=\"https:\/\/api.whatsapp.com\/send?l=pt_pt&#038;phone=5551986081041&#038;text=Quero%20saber%20mais%20sobre%20o%20T%C3%8ANIS%20DE%20MESA\" target=\"_blank\" rel=\"noopener\" class=\"button\">Comprar pelo Whatsapp<\/a><\/p>\n<p><a href=\"https:\/\/snooker.com.br\/bilhar\/contatos\/\"class=\"button\">Or\u00e7ar por email<\/a><\/p>\n","protected":false},"featured_media":4804,"template":"","meta":{"_joinchat":[]},"product_brand":[],"product_cat":[52],"product_tag":[108,110,109,60],"class_list":{"0":"post-4803","1":"product","2":"type-product","3":"status-publish","4":"has-post-thumbnail","6":"product_cat-tenis-de-mesa","7":"product_tag-jogo-de-tenis-de-mesa","8":"product_tag-mesa-de-tenis","9":"product_tag-mesa-de-tenis-de-mesa","10":"product_tag-tenis-de-mesa","12":"first","13":"instock","14":"shipping-taxable","15":"product-type-simple"},"jetpack_sharing_enabled":true,"_links":{"self":[{"href":"https:\/\/snooker.com.br\/bilhar\/wp-json\/wp\/v2\/product\/4803","targetHints":{"allow":["GET"]}}],"collection":[{"href":"https:\/\/snooker.com.br\/bilhar\/wp-json\/wp\/v2\/product"}],"about":[{"href":"https:\/\/snooker.com.br\/bilhar\/wp-json\/wp\/v2\/types\/product"}],"wp:featuredmedia":[{"embeddable":true,"href":"https:\/\/snooker.com.br\/bilhar\/wp-json\/wp\/v2\/media\/4804"}],"wp:attachment":[{"href":"https:\/\/snooker.com.br\/bilhar\/wp-json\/wp\/v2\/media?parent=4803"}],"wp:term":[{"taxonomy":"product_brand","embeddable":true,"href":"https:\/\/snooker.com.br\/bilhar\/wp-json\/wp\/v2\/product_brand?post=4803"},{"taxonomy":"product_cat","embeddable":true,"href":"https:\/\/snooker.com.br\/bilhar\/wp-json\/wp\/v2\/product_cat?post=4803"},{"taxonomy":"product_tag","embeddable":true,"href":"https:\/\/snooker.com.br\/bilhar\/wp-json\/wp\/v2\/product_tag?post=4803"}],"curies":[{"name":"wp","href":"https:\/\/api.w.org\/{rel}","templated":true}]}}