{"id":4795,"date":"2021-07-31T07:29:46","date_gmt":"2021-07-31T07:29:46","guid":{"rendered":"https:\/\/snooker.com.br\/bilhar\/?post_type=product&#038;p=4795"},"modified":"2022-05-13T18:38:51","modified_gmt":"2022-05-13T18:38:51","slug":"pebolim-b213c","status":"publish","type":"product","link":"https:\/\/snooker.com.br\/bilhar\/produtos\/pebolim-b213c\/","title":{"rendered":"Pebolim B213C"},"content":{"rendered":"<p>Fabricado em Madeira maci\u00e7a<br \/>\nJogadores em Ferro embutido<br \/>\nmedidas Externas: 1,45&#215;0,85&#215;0,80<br \/>\ncom Molas e Buchas que absorvem o Impacto<br \/>\nCores: tabaco e Carvalho<br \/>\nacompanha 05 bolinhas<\/p>\n<p>Para mais informa\u00e7\u00f5es voc\u00ea pode falar com a gente nas redes sociais @babbilhares ou por email, \u00e9 super r\u00e1pido e simples.<\/p>\n","protected":false},"excerpt":{"rendered":"<p>Se voc\u00ea quer jogar<br \/>\n<a href=\"https:\/\/api.whatsapp.com\/send?l=pt_pt&#038;phone=5551986081041&#038;text=Quero%20saber%20mais%20sobre%20o%20PEBOLIM%20B213C\" target=\"_blank\" rel=\"noopener\" class=\"button\">Comprar pelo Whatsapp<\/a><\/p>\n<p><a href=\"https:\/\/snooker.com.br\/bilhar\/contatos\/\"class=\"button\">Or\u00e7ar por email<\/a><\/p>\n","protected":false},"featured_media":4796,"template":"","meta":{"_joinchat":[]},"product_brand":[],"product_cat":[50],"product_tag":[94,103,97,98],"class_list":{"0":"post-4795","1":"product","2":"type-product","3":"status-publish","4":"has-post-thumbnail","6":"product_cat-pebolim","7":"product_tag-flaflu","8":"product_tag-jogo-de-flaflu","9":"product_tag-jogo-de-pebolim","10":"product_tag-pebolim","12":"first","13":"instock","14":"shipping-taxable","15":"product-type-simple"},"jetpack_sharing_enabled":true,"_links":{"self":[{"href":"https:\/\/snooker.com.br\/bilhar\/wp-json\/wp\/v2\/product\/4795","targetHints":{"allow":["GET"]}}],"collection":[{"href":"https:\/\/snooker.com.br\/bilhar\/wp-json\/wp\/v2\/product"}],"about":[{"href":"https:\/\/snooker.com.br\/bilhar\/wp-json\/wp\/v2\/types\/product"}],"wp:featuredmedia":[{"embeddable":true,"href":"https:\/\/snooker.com.br\/bilhar\/wp-json\/wp\/v2\/media\/4796"}],"wp:attachment":[{"href":"https:\/\/snooker.com.br\/bilhar\/wp-json\/wp\/v2\/media?parent=4795"}],"wp:term":[{"taxonomy":"product_brand","embeddable":true,"href":"https:\/\/snooker.com.br\/bilhar\/wp-json\/wp\/v2\/product_brand?post=4795"},{"taxonomy":"product_cat","embeddable":true,"href":"https:\/\/snooker.com.br\/bilhar\/wp-json\/wp\/v2\/product_cat?post=4795"},{"taxonomy":"product_tag","embeddable":true,"href":"https:\/\/snooker.com.br\/bilhar\/wp-json\/wp\/v2\/product_tag?post=4795"}],"curies":[{"name":"wp","href":"https:\/\/api.w.org\/{rel}","templated":true}]}}