{"id":4793,"date":"2021-07-31T07:26:51","date_gmt":"2021-07-31T07:26:51","guid":{"rendered":"https:\/\/snooker.com.br\/bilhar\/?post_type=product&#038;p=4793"},"modified":"2022-05-13T18:38:08","modified_gmt":"2022-05-13T18:38:08","slug":"pebolim-b2500","status":"publish","type":"product","link":"https:\/\/snooker.com.br\/bilhar\/produtos\/pebolim-b2500\/","title":{"rendered":"Pebolim B2500"},"content":{"rendered":"<p>Modelo B2500<br \/>\nEm madeira | Cor Tabaco<br \/>\nTampo de Acr\u00ed\u00adlico | Ilumina\u00e7\u00e3o interna de Led\u00b4s | Design Moderno<br \/>\nJogadores de Ferro Embutido<br \/>\ncom molas e buchas<br \/>\nMedidas Externas: 1,45 x 0,85<\/p>\n<p>Para mais informa\u00e7\u00f5es voc\u00ea pode falar com a gente nas redes sociais @babbilhares ou por email, \u00e9 super r\u00e1pido e simples.<\/p>\n","protected":false},"excerpt":{"rendered":"<p>Se voc\u00ea procura divers\u00e3o esse jogo vai te deixar muito animado, essa \u00e9 uma escolha \u00f3tima para voc\u00ea.<\/p>\n<p><a href=\"https:\/\/api.whatsapp.com\/send?l=pt_pt&#038;phone=5551986081041&#038;text=Quero%20saber%20mais%20sobre%20o%20PEBOLIM%20B2500\" target=\"_blank\" rel=\"noopener\" class=\"button\">Comprar pelo Whatsapp<\/a><\/p>\n<p><a href=\"https:\/\/snooker.com.br\/bilhar\/contatos\/\"class=\"button\">Or\u00e7ar por email<\/a><\/p>\n","protected":false},"featured_media":4794,"template":"","meta":{"_joinchat":[]},"product_brand":[],"product_cat":[50],"product_tag":[100,101,95,98,102,99],"class_list":{"0":"post-4793","1":"product","2":"type-product","3":"status-publish","4":"has-post-thumbnail","6":"product_cat-pebolim","7":"product_tag-fla-flu-comercial","8":"product_tag-fla-flu-oficial","9":"product_tag-mesa-de-flaflu","10":"product_tag-pebolim","11":"product_tag-pebolim-amador","12":"product_tag-polim-comercial","14":"first","15":"instock","16":"shipping-taxable","17":"product-type-simple"},"jetpack_sharing_enabled":true,"_links":{"self":[{"href":"https:\/\/snooker.com.br\/bilhar\/wp-json\/wp\/v2\/product\/4793","targetHints":{"allow":["GET"]}}],"collection":[{"href":"https:\/\/snooker.com.br\/bilhar\/wp-json\/wp\/v2\/product"}],"about":[{"href":"https:\/\/snooker.com.br\/bilhar\/wp-json\/wp\/v2\/types\/product"}],"wp:featuredmedia":[{"embeddable":true,"href":"https:\/\/snooker.com.br\/bilhar\/wp-json\/wp\/v2\/media\/4794"}],"wp:attachment":[{"href":"https:\/\/snooker.com.br\/bilhar\/wp-json\/wp\/v2\/media?parent=4793"}],"wp:term":[{"taxonomy":"product_brand","embeddable":true,"href":"https:\/\/snooker.com.br\/bilhar\/wp-json\/wp\/v2\/product_brand?post=4793"},{"taxonomy":"product_cat","embeddable":true,"href":"https:\/\/snooker.com.br\/bilhar\/wp-json\/wp\/v2\/product_cat?post=4793"},{"taxonomy":"product_tag","embeddable":true,"href":"https:\/\/snooker.com.br\/bilhar\/wp-json\/wp\/v2\/product_tag?post=4793"}],"curies":[{"name":"wp","href":"https:\/\/api.w.org\/{rel}","templated":true}]}}