{"id":4791,"date":"2021-07-31T07:07:16","date_gmt":"2021-07-31T07:07:16","guid":{"rendered":"https:\/\/snooker.com.br\/bilhar\/?post_type=product&#038;p=4791"},"modified":"2022-05-13T18:37:35","modified_gmt":"2022-05-13T18:37:35","slug":"pebolim-comercial","status":"publish","type":"product","link":"https:\/\/snooker.com.br\/bilhar\/produtos\/pebolim-comercial\/","title":{"rendered":"Pebolim Comercial"},"content":{"rendered":"<p>Modelo Comercial em Madeira<br \/>\nJogadores em Ferro embutido<br \/>\ncom molas e buchas<br \/>\nFicheiro ou Moedeiro<br \/>\ngaveta para Bolinhas e fichas.<br \/>\nTamanho: 1,45&#215;0,90<\/p>\n<p>Para mais informa\u00e7\u00f5es voc\u00ea pode falar com a gente nas redes sociais @babbilhares ou por email, \u00e9 super r\u00e1pido e simples.<\/p>\n","protected":false},"excerpt":{"rendered":"<p>Se voc\u00ea procura divers\u00e3o esse jogo vai te deixar muito animado, essa \u00e9 uma escolha \u00f3tima para voc\u00ea. <\/p>\n<p><a href=\"https:\/\/api.whatsapp.com\/send?l=pt_pt&#038;phone=5551986081041&#038;text=Quero%20saber%20mais%20sobre%20o%20Mesa%20Poker%20P100\" target=\"_blank\" rel=\"noopener\" class=\"button\">Comprar pelo Whatsapp<\/a><\/p>\n<p><a href=\"https:\/\/snooker.com.br\/bilhar\/contatos\/\"class=\"button\">Or\u00e7ar por email<\/a><\/p>\n","protected":false},"featured_media":4792,"template":"","meta":{"_joinchat":[]},"product_brand":[],"product_cat":[50],"product_tag":[94,97,95,96,93],"class_list":{"0":"post-4791","1":"product","2":"type-product","3":"status-publish","4":"has-post-thumbnail","6":"product_cat-pebolim","7":"product_tag-flaflu","8":"product_tag-jogo-de-pebolim","9":"product_tag-mesa-de-flaflu","10":"product_tag-mesa-de-pebolim","11":"product_tag-pebolim-comercial","13":"first","14":"instock","15":"shipping-taxable","16":"product-type-simple"},"jetpack_sharing_enabled":true,"_links":{"self":[{"href":"https:\/\/snooker.com.br\/bilhar\/wp-json\/wp\/v2\/product\/4791","targetHints":{"allow":["GET"]}}],"collection":[{"href":"https:\/\/snooker.com.br\/bilhar\/wp-json\/wp\/v2\/product"}],"about":[{"href":"https:\/\/snooker.com.br\/bilhar\/wp-json\/wp\/v2\/types\/product"}],"wp:featuredmedia":[{"embeddable":true,"href":"https:\/\/snooker.com.br\/bilhar\/wp-json\/wp\/v2\/media\/4792"}],"wp:attachment":[{"href":"https:\/\/snooker.com.br\/bilhar\/wp-json\/wp\/v2\/media?parent=4791"}],"wp:term":[{"taxonomy":"product_brand","embeddable":true,"href":"https:\/\/snooker.com.br\/bilhar\/wp-json\/wp\/v2\/product_brand?post=4791"},{"taxonomy":"product_cat","embeddable":true,"href":"https:\/\/snooker.com.br\/bilhar\/wp-json\/wp\/v2\/product_cat?post=4791"},{"taxonomy":"product_tag","embeddable":true,"href":"https:\/\/snooker.com.br\/bilhar\/wp-json\/wp\/v2\/product_tag?post=4791"}],"curies":[{"name":"wp","href":"https:\/\/api.w.org\/{rel}","templated":true}]}}