{"id":4789,"date":"2021-07-31T06:57:27","date_gmt":"2021-07-31T06:57:27","guid":{"rendered":"https:\/\/snooker.com.br\/bilhar\/?post_type=product&#038;p=4789"},"modified":"2022-05-13T18:36:52","modified_gmt":"2022-05-13T18:36:52","slug":"mesa-poker-p100","status":"publish","type":"product","link":"https:\/\/snooker.com.br\/bilhar\/produtos\/mesa-poker-p100\/","title":{"rendered":"Mesa Poker P100"},"content":{"rendered":"<p>Mesa em MDF 18mm<br \/>\n2,10 x 1,40<br \/>\nDiversas cores de pano. <\/p>\n<p>Para mais informa\u00e7\u00f5es voc\u00ea pode falar com a gente nas redes sociais @babbilhares ou por email, \u00e9 super r\u00e1pido e simples.<\/p>\n","protected":false},"excerpt":{"rendered":"<p>Est\u00e1 \u00e9 uma mesa de alto padr\u00e3o para o jogo de poker, \u00e9 sem d\u00favida uma das melhores mesas para voc\u00ea se divertir com seus amigos. <\/p>\n<p><a href=\"https:\/\/api.whatsapp.com\/send?l=pt_pt&#038;phone=5551986081041&#038;text=Quero%20saber%20mais%20sobre%20o%20Mesa%20Poker%20P100\" target=\"_blank\" rel=\"noopener\" class=\"button\">Comprar pelo Whatsapp<\/a><\/p>\n<p><a href=\"https:\/\/snooker.com.br\/bilhar\/contatos\/\"class=\"button\">Or\u00e7ar por email<\/a><\/p>\n","protected":false},"featured_media":4790,"template":"","meta":{"_joinchat":[]},"product_brand":[],"product_cat":[49],"product_tag":[88,92,89],"class_list":{"0":"post-4789","1":"product","2":"type-product","3":"status-publish","4":"has-post-thumbnail","6":"product_cat-mesa-de-poker","7":"product_tag-mesa-de-poker","8":"product_tag-mesa-de-poker-oficial","9":"product_tag-mesa-de-poker-profissional","11":"first","12":"instock","13":"shipping-taxable","14":"product-type-simple"},"jetpack_sharing_enabled":true,"_links":{"self":[{"href":"https:\/\/snooker.com.br\/bilhar\/wp-json\/wp\/v2\/product\/4789","targetHints":{"allow":["GET"]}}],"collection":[{"href":"https:\/\/snooker.com.br\/bilhar\/wp-json\/wp\/v2\/product"}],"about":[{"href":"https:\/\/snooker.com.br\/bilhar\/wp-json\/wp\/v2\/types\/product"}],"wp:featuredmedia":[{"embeddable":true,"href":"https:\/\/snooker.com.br\/bilhar\/wp-json\/wp\/v2\/media\/4790"}],"wp:attachment":[{"href":"https:\/\/snooker.com.br\/bilhar\/wp-json\/wp\/v2\/media?parent=4789"}],"wp:term":[{"taxonomy":"product_brand","embeddable":true,"href":"https:\/\/snooker.com.br\/bilhar\/wp-json\/wp\/v2\/product_brand?post=4789"},{"taxonomy":"product_cat","embeddable":true,"href":"https:\/\/snooker.com.br\/bilhar\/wp-json\/wp\/v2\/product_cat?post=4789"},{"taxonomy":"product_tag","embeddable":true,"href":"https:\/\/snooker.com.br\/bilhar\/wp-json\/wp\/v2\/product_tag?post=4789"}],"curies":[{"name":"wp","href":"https:\/\/api.w.org\/{rel}","templated":true}]}}