{"id":4787,"date":"2021-07-31T06:53:54","date_gmt":"2021-07-31T06:53:54","guid":{"rendered":"https:\/\/snooker.com.br\/bilhar\/?post_type=product&#038;p=4787"},"modified":"2022-05-13T18:36:01","modified_gmt":"2022-05-13T18:36:01","slug":"mesa-poker-p102","status":"publish","type":"product","link":"https:\/\/snooker.com.br\/bilhar\/produtos\/mesa-poker-p102\/","title":{"rendered":"Mesa Poker P102"},"content":{"rendered":"<p>Mesa em MDF 18mm laminado<br \/>\nBordas Estofadas<br \/>\ntamanho: 2,40&#215;1,40<br \/>\ndois p\u00e9s centrais.<\/p>\n<p>Para mais informa\u00e7\u00f5es voc\u00ea pode falar com a gente nas redes sociais @babbilhares ou por email, \u00e9 super r\u00e1pido e simples.<\/p>\n","protected":false},"excerpt":{"rendered":"<p>Est\u00e1 Mesa de Poker, vai animar muito o seu sal\u00e3o de jogos, com ela voc\u00ea vai poder convidar seus amigos, e desafiar com excelente qualidade. <\/p>\n<p><a href=\"https:\/\/api.whatsapp.com\/send?l=pt_pt&#038;phone=5551986081041&#038;text=Quero%20saber%20mais%20sobre%20o%20Mesa%20Poker%20P102\" target=\"_blank\" rel=\"noopener\" class=\"button\">Comprar pelo Whatsapp<\/a><\/p>\n<p><a href=\"https:\/\/snooker.com.br\/bilhar\/contatos\/\"class=\"button\">Or\u00e7ar por email<\/a><\/p>\n","protected":false},"featured_media":4788,"template":"","meta":{"_joinchat":[]},"product_brand":[],"product_cat":[49],"product_tag":[88,90,89,91],"class_list":{"0":"post-4787","1":"product","2":"type-product","3":"status-publish","4":"has-post-thumbnail","6":"product_cat-mesa-de-poker","7":"product_tag-mesa-de-poker","8":"product_tag-mesa-de-poker-amador","9":"product_tag-mesa-de-poker-profissional","10":"product_tag-mesa-para-poker","12":"first","13":"instock","14":"shipping-taxable","15":"product-type-simple"},"jetpack_sharing_enabled":true,"_links":{"self":[{"href":"https:\/\/snooker.com.br\/bilhar\/wp-json\/wp\/v2\/product\/4787","targetHints":{"allow":["GET"]}}],"collection":[{"href":"https:\/\/snooker.com.br\/bilhar\/wp-json\/wp\/v2\/product"}],"about":[{"href":"https:\/\/snooker.com.br\/bilhar\/wp-json\/wp\/v2\/types\/product"}],"wp:featuredmedia":[{"embeddable":true,"href":"https:\/\/snooker.com.br\/bilhar\/wp-json\/wp\/v2\/media\/4788"}],"wp:attachment":[{"href":"https:\/\/snooker.com.br\/bilhar\/wp-json\/wp\/v2\/media?parent=4787"}],"wp:term":[{"taxonomy":"product_brand","embeddable":true,"href":"https:\/\/snooker.com.br\/bilhar\/wp-json\/wp\/v2\/product_brand?post=4787"},{"taxonomy":"product_cat","embeddable":true,"href":"https:\/\/snooker.com.br\/bilhar\/wp-json\/wp\/v2\/product_cat?post=4787"},{"taxonomy":"product_tag","embeddable":true,"href":"https:\/\/snooker.com.br\/bilhar\/wp-json\/wp\/v2\/product_tag?post=4787"}],"curies":[{"name":"wp","href":"https:\/\/api.w.org\/{rel}","templated":true}]}}