{"id":4783,"date":"2021-07-31T06:45:34","date_gmt":"2021-07-31T06:45:34","guid":{"rendered":"https:\/\/snooker.com.br\/bilhar\/?post_type=product&#038;p=4783"},"modified":"2022-05-13T18:34:52","modified_gmt":"2022-05-13T18:34:52","slug":"mesa-de-carteado-gold","status":"publish","type":"product","link":"https:\/\/snooker.com.br\/bilhar\/produtos\/mesa-de-carteado-gold\/","title":{"rendered":"Mesa de Carteado Gold"},"content":{"rendered":"<p>Mesa para Carteado Modelo C4001<br \/>\nEm MDF 18MM<br \/>\nTecido Acr\u00ed\u00adlico (v\u00e1rias cores)<br \/>\nOp\u00e7\u00e3o de 4, 6 e 8 Lugares<br \/>\ncom Gavetas e sem Gavetas.<\/p>\n","protected":false},"excerpt":{"rendered":"<p>Mesa de Carteado Gold \u00e9 uma mesa de alto padr\u00e3o, para quem deseja deixar sua sala de jogos decorada, al\u00e9m de poder se divertir com seus amigos. <\/p>\n<p><a href=\"https:\/\/api.whatsapp.com\/send?l=pt_pt&#038;phone=5551986081041&#038;text=Quero%20saber%20mais%20sobre%20o%20CARTEADO\" target=\"_blank\" rel=\"noopener\" class=\"button\">Comprar pelo Whatsapp<\/a><\/p>\n<p><a href=\"https:\/\/snooker.com.br\/bilhar\/contatos\/\"class=\"button\">Or\u00e7ar por email<\/a><\/p>\n","protected":false},"featured_media":4784,"template":"","meta":{"_joinchat":[]},"product_brand":[],"product_cat":[48],"product_tag":[87,86,84],"class_list":{"0":"post-4783","1":"product","2":"type-product","3":"status-publish","4":"has-post-thumbnail","6":"product_cat-mesa-de-carteado","7":"product_tag-mesa-de-cartas","8":"product_tag-mesa-de-cartas-de-alto-padrao","9":"product_tag-mesa-de-carteado","11":"first","12":"instock","13":"shipping-taxable","14":"product-type-simple"},"jetpack_sharing_enabled":true,"_links":{"self":[{"href":"https:\/\/snooker.com.br\/bilhar\/wp-json\/wp\/v2\/product\/4783","targetHints":{"allow":["GET"]}}],"collection":[{"href":"https:\/\/snooker.com.br\/bilhar\/wp-json\/wp\/v2\/product"}],"about":[{"href":"https:\/\/snooker.com.br\/bilhar\/wp-json\/wp\/v2\/types\/product"}],"wp:featuredmedia":[{"embeddable":true,"href":"https:\/\/snooker.com.br\/bilhar\/wp-json\/wp\/v2\/media\/4784"}],"wp:attachment":[{"href":"https:\/\/snooker.com.br\/bilhar\/wp-json\/wp\/v2\/media?parent=4783"}],"wp:term":[{"taxonomy":"product_brand","embeddable":true,"href":"https:\/\/snooker.com.br\/bilhar\/wp-json\/wp\/v2\/product_brand?post=4783"},{"taxonomy":"product_cat","embeddable":true,"href":"https:\/\/snooker.com.br\/bilhar\/wp-json\/wp\/v2\/product_cat?post=4783"},{"taxonomy":"product_tag","embeddable":true,"href":"https:\/\/snooker.com.br\/bilhar\/wp-json\/wp\/v2\/product_tag?post=4783"}],"curies":[{"name":"wp","href":"https:\/\/api.w.org\/{rel}","templated":true}]}}