{"id":4774,"date":"2021-07-31T06:27:20","date_gmt":"2021-07-31T06:27:20","guid":{"rendered":"https:\/\/snooker.com.br\/bilhar\/?post_type=product&#038;p=4774"},"modified":"2022-05-13T18:32:37","modified_gmt":"2022-05-13T18:32:37","slug":"mesa-domino-xadrez","status":"publish","type":"product","link":"https:\/\/snooker.com.br\/bilhar\/produtos\/mesa-domino-xadrez\/","title":{"rendered":"Mesa Domin\u00f3 \/ Xadrez"},"content":{"rendered":"<p>Mesa Domin\u00f3 e Xadrez<br \/>\nem MDF Melam\u00ed\u00adnico<br \/>\nmedidas: 0,80&#215;0,80<br \/>\nvarias op\u00e7\u00f5es de cores<br \/>\nmodelo 4 p\u00e9s em L<br \/>\nN\u00e3o acompanha pe\u00e7as.<\/p>\n<p>Para mais informa\u00e7\u00f5es voc\u00ea pode falar com a gente nas redes sociais @babbilhares ou por email, \u00e9 super r\u00e1pido e simples.<\/p>\n","protected":false},"excerpt":{"rendered":"<p>A solu\u00e7\u00e3o ideal para quem tem pouco espa\u00e7o mais adora jogar uma Dama ou Xadrez, tabuleiro com qualidade superior.<\/p>\n<p><a href=\"https:\/\/api.whatsapp.com\/send?l=pt_pt&#038;phone=5551986081041&#038;text=Quero%20saber%20mais%20sobre%20o%20Mesa%20Domin%C3%B3%20\/%20Xadrez\" target=\"_blank\" rel=\"noopener\" class=\"button\">Comprar pelo Whatsapp<\/a><\/p>\n<p><a href=\"https:\/\/snooker.com.br\/bilhar\/contatos\/\"class=\"button\">Or\u00e7ar por email<\/a><\/p>\n","protected":false},"featured_media":4775,"template":"","meta":{"_joinchat":[]},"product_brand":[],"product_cat":[46,48],"product_tag":[78,79,80,82,81,77],"class_list":{"0":"post-4774","1":"product","2":"type-product","3":"status-publish","4":"has-post-thumbnail","6":"product_cat-domino-xadrez","7":"product_cat-mesa-de-carteado","8":"product_tag-dama","9":"product_tag-jogo-de-dama","10":"product_tag-jogo-de-xadrez","11":"product_tag-mesa-de-dama","12":"product_tag-mesa-de-xadrez","13":"product_tag-xadrez","15":"first","16":"instock","17":"shipping-taxable","18":"product-type-simple"},"jetpack_sharing_enabled":true,"_links":{"self":[{"href":"https:\/\/snooker.com.br\/bilhar\/wp-json\/wp\/v2\/product\/4774","targetHints":{"allow":["GET"]}}],"collection":[{"href":"https:\/\/snooker.com.br\/bilhar\/wp-json\/wp\/v2\/product"}],"about":[{"href":"https:\/\/snooker.com.br\/bilhar\/wp-json\/wp\/v2\/types\/product"}],"wp:featuredmedia":[{"embeddable":true,"href":"https:\/\/snooker.com.br\/bilhar\/wp-json\/wp\/v2\/media\/4775"}],"wp:attachment":[{"href":"https:\/\/snooker.com.br\/bilhar\/wp-json\/wp\/v2\/media?parent=4774"}],"wp:term":[{"taxonomy":"product_brand","embeddable":true,"href":"https:\/\/snooker.com.br\/bilhar\/wp-json\/wp\/v2\/product_brand?post=4774"},{"taxonomy":"product_cat","embeddable":true,"href":"https:\/\/snooker.com.br\/bilhar\/wp-json\/wp\/v2\/product_cat?post=4774"},{"taxonomy":"product_tag","embeddable":true,"href":"https:\/\/snooker.com.br\/bilhar\/wp-json\/wp\/v2\/product_tag?post=4774"}],"curies":[{"name":"wp","href":"https:\/\/api.w.org\/{rel}","templated":true}]}}