{"id":4772,"date":"2021-07-31T06:23:34","date_gmt":"2021-07-31T06:23:34","guid":{"rendered":"https:\/\/snooker.com.br\/bilhar\/?post_type=product&#038;p=4772"},"modified":"2022-05-13T18:31:53","modified_gmt":"2022-05-13T18:31:53","slug":"aero-hockey","status":"publish","type":"product","link":"https:\/\/snooker.com.br\/bilhar\/produtos\/aero-hockey\/","title":{"rendered":"Aero Hockey"},"content":{"rendered":"<p>&#8211; Estrutura produzida em mdp;<br \/>\n&#8211; Laterais pintadas com primer preto com brilho e secagem em uv;<br \/>\n&#8211; Tampo de mdf revestido com laminado melam\u00ednico;<br \/>\n&#8211; P\u00e9s desmont\u00e1veis com sapata pl\u00e1stica (polipropileno (pp);<br \/>\n&#8211; P\u00e9s fixados nas laterais, proporcionando melhor estabilidade;<\/p>\n<p>Para mais informa\u00e7\u00f5es voc\u00ea pode falar com a gente nas redes sociais @babbilhares ou por email, \u00e9 super r\u00e1pido e simples.<\/p>\n","protected":false},"excerpt":{"rendered":"<p>Se voc\u00ea quer um jogo diferenciado para se divertir com seus amigos ent\u00e3o o Aero Hockey vai te supreender de forma positiva. <\/p>\n<p><a href=\"https:\/\/api.whatsapp.com\/send?l=pt_pt&#038;phone=5551986081041&#038;text=Quero%20saber%20mais%20sobre%20o%20AERO%20HOCKEY\" target=\"_blank\" rel=\"noopener\" class=\"button\">Comprar pelo Whatsapp<\/a><\/p>\n<p><a href=\"https:\/\/snooker.com.br\/bilhar\/contatos\/\"class=\"button\">Or\u00e7ar por email<\/a><\/p>\n","protected":false},"featured_media":4773,"template":"","meta":{"_joinchat":[]},"product_brand":[],"product_cat":[45],"product_tag":[74,75,76],"class_list":{"0":"post-4772","1":"product","2":"type-product","3":"status-publish","4":"has-post-thumbnail","6":"product_cat-aero-hockey","7":"product_tag-aero-hockey","8":"product_tag-futebol-de-mesa","9":"product_tag-hockey-de-mesa","11":"first","12":"instock","13":"shipping-taxable","14":"product-type-simple"},"jetpack_sharing_enabled":true,"_links":{"self":[{"href":"https:\/\/snooker.com.br\/bilhar\/wp-json\/wp\/v2\/product\/4772","targetHints":{"allow":["GET"]}}],"collection":[{"href":"https:\/\/snooker.com.br\/bilhar\/wp-json\/wp\/v2\/product"}],"about":[{"href":"https:\/\/snooker.com.br\/bilhar\/wp-json\/wp\/v2\/types\/product"}],"wp:featuredmedia":[{"embeddable":true,"href":"https:\/\/snooker.com.br\/bilhar\/wp-json\/wp\/v2\/media\/4773"}],"wp:attachment":[{"href":"https:\/\/snooker.com.br\/bilhar\/wp-json\/wp\/v2\/media?parent=4772"}],"wp:term":[{"taxonomy":"product_brand","embeddable":true,"href":"https:\/\/snooker.com.br\/bilhar\/wp-json\/wp\/v2\/product_brand?post=4772"},{"taxonomy":"product_cat","embeddable":true,"href":"https:\/\/snooker.com.br\/bilhar\/wp-json\/wp\/v2\/product_cat?post=4772"},{"taxonomy":"product_tag","embeddable":true,"href":"https:\/\/snooker.com.br\/bilhar\/wp-json\/wp\/v2\/product_tag?post=4772"}],"curies":[{"name":"wp","href":"https:\/\/api.w.org\/{rel}","templated":true}]}}