{"id":4738,"date":"2021-07-30T12:01:07","date_gmt":"2021-07-30T12:01:07","guid":{"rendered":"https:\/\/snooker.com.br\/bilhar\/?post_type=product&#038;p=4738"},"modified":"2022-05-13T18:27:51","modified_gmt":"2022-05-13T18:27:51","slug":"mesa-de-madeira-macica","status":"publish","type":"product","link":"https:\/\/snooker.com.br\/bilhar\/produtos\/mesa-de-madeira-macica\/","title":{"rendered":"Mesa de Madeira Maci\u00e7a"},"content":{"rendered":"<p>Mesas de sinuca para ambientes residenciais e comerciais !<br \/>\nBase de Pedra ard\u00f3sia<br \/>\nMadeira Maci\u00e7a<br \/>\n4 p\u00e9s fechados<br \/>\nNiveladores de alum\u00ednio ajust\u00e1veis<\/p>\n<p>Medidas dispon\u00ed\u00adveis:<br \/>\n1.75&#215;1.00 m<br \/>\n2.10&#215;1.10 m<br \/>\n2.20&#215;1.20 m<br \/>\n2.30&#215;1.35 m<br \/>\n2.40&#215;1.40 m<\/p>\n<p>Consulte cores de Madeira e tecido dispon\u00edveis.<br \/>\nAcompanha 4 tacos, 1 jogo de bolas, 1 tri\u00e2ngulo, 1 porta tacos e 1 kit de giz.<\/p>\n<p>Para mais informa\u00e7\u00f5es voc\u00ea pode falar com a gente nas redes sociais @babbilhares ou por email, \u00e9 super r\u00e1pido e simples.<\/p>\n","protected":false},"excerpt":{"rendered":"<p>Nosso famoso modelo de Madeira Maci\u00e7a Hibrido, podendo ser utilizado tanto para ambientes residenciais quanto para ambientes comerciais, uma \u00f3tima escolha quando falamos de qualidade e resist\u00eancia. <\/p>\n<p><a href=\"https:\/\/api.whatsapp.com\/send?l=pt_pt&#038;phone=5551986081041&#038;text=Quero%20saber%20mais%20sobre%20o%20Mesa%20de%20Madeira%20Maci%C3%A7a\" target=\"_blank\" rel=\"noopener\" class=\"button\">Comprar pelo Whatsapp<\/a><\/p>\n<p><a href=\"https:\/\/snooker.com.br\/bilhar\/contatos\/\"class=\"button\">Or\u00e7ar por email<\/a><\/p>\n","protected":false},"featured_media":4975,"template":"","meta":{"_joinchat":[]},"product_brand":[],"product_cat":[43],"product_tag":[58,70,71,72],"class_list":{"0":"post-4738","1":"product","2":"type-product","3":"status-publish","4":"has-post-thumbnail","6":"product_cat-mesa-de-bilhar-sinuca","7":"product_tag-mesa-de-bilhar","8":"product_tag-mesa-de-sinuca-comercial","9":"product_tag-mesa-de-sinuca-residencial","10":"product_tag-mesa-de-snooker","12":"first","13":"instock","14":"shipping-taxable","15":"product-type-simple"},"jetpack_sharing_enabled":true,"_links":{"self":[{"href":"https:\/\/snooker.com.br\/bilhar\/wp-json\/wp\/v2\/product\/4738","targetHints":{"allow":["GET"]}}],"collection":[{"href":"https:\/\/snooker.com.br\/bilhar\/wp-json\/wp\/v2\/product"}],"about":[{"href":"https:\/\/snooker.com.br\/bilhar\/wp-json\/wp\/v2\/types\/product"}],"wp:featuredmedia":[{"embeddable":true,"href":"https:\/\/snooker.com.br\/bilhar\/wp-json\/wp\/v2\/media\/4975"}],"wp:attachment":[{"href":"https:\/\/snooker.com.br\/bilhar\/wp-json\/wp\/v2\/media?parent=4738"}],"wp:term":[{"taxonomy":"product_brand","embeddable":true,"href":"https:\/\/snooker.com.br\/bilhar\/wp-json\/wp\/v2\/product_brand?post=4738"},{"taxonomy":"product_cat","embeddable":true,"href":"https:\/\/snooker.com.br\/bilhar\/wp-json\/wp\/v2\/product_cat?post=4738"},{"taxonomy":"product_tag","embeddable":true,"href":"https:\/\/snooker.com.br\/bilhar\/wp-json\/wp\/v2\/product_tag?post=4738"}],"curies":[{"name":"wp","href":"https:\/\/api.w.org\/{rel}","templated":true}]}}