{"id":4717,"date":"2021-07-30T11:11:22","date_gmt":"2021-07-30T11:11:22","guid":{"rendered":"https:\/\/snooker.com.br\/bilhar\/?post_type=product&#038;p=4717"},"modified":"2022-05-13T18:24:19","modified_gmt":"2022-05-13T18:24:19","slug":"mesa-modelo-b220c","status":"publish","type":"product","link":"https:\/\/snooker.com.br\/bilhar\/produtos\/mesa-modelo-b220c\/","title":{"rendered":"Mesa Modelo B220C"},"content":{"rendered":"<p>Mesas de sinuca madeira maci\u00e7a para ambientes residenciais e comerciais!<br \/>\nBase de Pedra.<br \/>\nMadeira Maci\u00e7a.<br \/>\n4 p\u00e9s fechados.<br \/>\nNiveladores de altura ajust\u00e1veis.<\/p>\n<p>Medidas dispon\u00edveis<br \/>\n2.20&#215;1.20 m<\/p>\n<p>Consulte cores da mesa e tecido dispon\u00edveis.<br \/>\nAcompanha 4 tacos, 1 jogo de bolas, 1 tri\u00e2ngulo, 1 porta tacos e 1 kit de giz.<\/p>\n<p>Para mais informa\u00e7\u00f5es voc\u00ea pode falar com a gente nas redes sociais @babbilhares ou por email, \u00e9 super r\u00e1pido e simples.<\/p>\n","protected":false},"excerpt":{"rendered":"<p>Nosso modelo B220C \u00e9 um modelo compacto com op\u00e7\u00e3o de tampo de mesa, ideal para quem tem pouco espa\u00e7o, e quer deixar sua casa ainda mais bonita. <\/p>\n<p><a href=\"https:\/\/api.whatsapp.com\/send?l=pt_pt&#038;phone=5551986081041&#038;text=Quero%20saber%20mais%20sobre%20o%20Mesa%20Modelo%20B220C\" target=\"_blank\" rel=\"noopener\" class=\"button\">Comprar pelo Whatsapp<\/a><\/p>\n<p><a href=\"https:\/\/snooker.com.br\/bilhar\/contatos\/\"class=\"button\">Or\u00e7ar por email<\/a><\/p>\n","protected":false},"featured_media":4973,"template":"","meta":{"_joinchat":[]},"product_brand":[],"product_cat":[43],"product_tag":[55,56,58,57,54],"class_list":{"0":"post-4717","1":"product","2":"type-product","3":"status-publish","4":"has-post-thumbnail","6":"product_cat-mesa-de-bilhar-sinuca","7":"product_tag-bilhar","8":"product_tag-jogos-de-diversao","9":"product_tag-mesa-de-bilhar","10":"product_tag-sinuca","11":"product_tag-snooker","13":"first","14":"instock","15":"shipping-taxable","16":"product-type-simple"},"jetpack_sharing_enabled":true,"_links":{"self":[{"href":"https:\/\/snooker.com.br\/bilhar\/wp-json\/wp\/v2\/product\/4717","targetHints":{"allow":["GET"]}}],"collection":[{"href":"https:\/\/snooker.com.br\/bilhar\/wp-json\/wp\/v2\/product"}],"about":[{"href":"https:\/\/snooker.com.br\/bilhar\/wp-json\/wp\/v2\/types\/product"}],"wp:featuredmedia":[{"embeddable":true,"href":"https:\/\/snooker.com.br\/bilhar\/wp-json\/wp\/v2\/media\/4973"}],"wp:attachment":[{"href":"https:\/\/snooker.com.br\/bilhar\/wp-json\/wp\/v2\/media?parent=4717"}],"wp:term":[{"taxonomy":"product_brand","embeddable":true,"href":"https:\/\/snooker.com.br\/bilhar\/wp-json\/wp\/v2\/product_brand?post=4717"},{"taxonomy":"product_cat","embeddable":true,"href":"https:\/\/snooker.com.br\/bilhar\/wp-json\/wp\/v2\/product_cat?post=4717"},{"taxonomy":"product_tag","embeddable":true,"href":"https:\/\/snooker.com.br\/bilhar\/wp-json\/wp\/v2\/product_tag?post=4717"}],"curies":[{"name":"wp","href":"https:\/\/api.w.org\/{rel}","templated":true}]}}