{"id":4709,"date":"2021-07-30T10:59:33","date_gmt":"2021-07-30T10:59:33","guid":{"rendered":"https:\/\/snooker.com.br\/bilhar\/?post_type=product&#038;p=4709"},"modified":"2022-05-13T18:23:11","modified_gmt":"2022-05-13T18:23:11","slug":"mesa-modena","status":"publish","type":"product","link":"https:\/\/snooker.com.br\/bilhar\/produtos\/mesa-modena\/","title":{"rendered":"Mesa Modena"},"content":{"rendered":"<p>Mesa em MDF 18mm laminado.<br \/>\nCa\u00e7apas de quadro.<br \/>\nOp\u00e7\u00e3o com Tampo de Jantar em MDF.<br \/>\np\u00e9 em &#8220;U&#8221; fechado.<\/p>\n<p>Medidas dispon\u00ed\u00adveis:<\/p>\n<p>2,08 x 1,20 m<br \/>\n2,20 x 1,20 m<br \/>\n2,30 x 1,30 m<\/p>\n<p>Consulte cores da mesa e tecido dispon\u00edveis.<br \/>\nAcompanha 4 tacos, 1 jogo de bolas, 1 tri\u00e2ngulo, 1 porta tacos e 1 kit de giz.<\/p>\n<p>Para mais informa\u00e7\u00f5es voc\u00ea pode falar com a gente nas redes sociais @babbilhares ou por email, \u00e9 super r\u00e1pido e simples.<\/p>\n","protected":false},"excerpt":{"rendered":"<p>Um modelo \u00fanico para decorar a sala de jogos da sua casa, requinte e qualidade em uma s\u00f3 mesa, j\u00e1 imaginou ela na sua cor preferida, ent\u00e3o entre em contato agora, voc\u00ea pode. <\/p>\n<p><a href=\"https:\/\/api.whatsapp.com\/send?l=pt_pt&#038;phone=5551986081041&#038;text=Quero%20saber%20mais%20sobre%20o%20MESA%20MODELO%20MODENA\" target=\"_blank\" rel=\"noopener\" class=\"button\">Comprar pelo Whatsapp<\/a><\/p>\n<p><a href=\"https:\/\/snooker.com.br\/bilhar\/contatos\/\"class=\"button\">Or\u00e7ar por email<\/a><\/p>\n","protected":false},"featured_media":4959,"template":"","meta":{"_joinchat":[]},"product_brand":[],"product_cat":[43],"product_tag":[55,56,58,57,54],"class_list":{"0":"post-4709","1":"product","2":"type-product","3":"status-publish","4":"has-post-thumbnail","6":"product_cat-mesa-de-bilhar-sinuca","7":"product_tag-bilhar","8":"product_tag-jogos-de-diversao","9":"product_tag-mesa-de-bilhar","10":"product_tag-sinuca","11":"product_tag-snooker","13":"first","14":"instock","15":"sold-individually","16":"shipping-taxable","17":"product-type-simple"},"jetpack_sharing_enabled":true,"_links":{"self":[{"href":"https:\/\/snooker.com.br\/bilhar\/wp-json\/wp\/v2\/product\/4709","targetHints":{"allow":["GET"]}}],"collection":[{"href":"https:\/\/snooker.com.br\/bilhar\/wp-json\/wp\/v2\/product"}],"about":[{"href":"https:\/\/snooker.com.br\/bilhar\/wp-json\/wp\/v2\/types\/product"}],"wp:featuredmedia":[{"embeddable":true,"href":"https:\/\/snooker.com.br\/bilhar\/wp-json\/wp\/v2\/media\/4959"}],"wp:attachment":[{"href":"https:\/\/snooker.com.br\/bilhar\/wp-json\/wp\/v2\/media?parent=4709"}],"wp:term":[{"taxonomy":"product_brand","embeddable":true,"href":"https:\/\/snooker.com.br\/bilhar\/wp-json\/wp\/v2\/product_brand?post=4709"},{"taxonomy":"product_cat","embeddable":true,"href":"https:\/\/snooker.com.br\/bilhar\/wp-json\/wp\/v2\/product_cat?post=4709"},{"taxonomy":"product_tag","embeddable":true,"href":"https:\/\/snooker.com.br\/bilhar\/wp-json\/wp\/v2\/product_tag?post=4709"}],"curies":[{"name":"wp","href":"https:\/\/api.w.org\/{rel}","templated":true}]}}