{"id":4674,"date":"2021-07-29T06:05:26","date_gmt":"2021-07-29T06:05:26","guid":{"rendered":"https:\/\/snooker.com.br\/bilhar\/?post_type=product&#038;p=4674"},"modified":"2022-05-13T18:19:17","modified_gmt":"2022-05-13T18:19:17","slug":"mesa-veneza-plus","status":"publish","type":"product","link":"https:\/\/snooker.com.br\/bilhar\/produtos\/mesa-veneza-plus\/","title":{"rendered":"Mesa Veneza Plus"},"content":{"rendered":"<p>Cores laminadas, amadeiradas e em alto brilho.<br \/>\nOp\u00e7\u00e3o com Tampo de Jantar em MDF.<br \/>\nCa\u00e7apa de quadro.<br \/>\np\u00e9 em &#8220;U&#8221; fechado. <\/p>\n<p>Medidas dispon\u00edveis<\/p>\n<p>2,08 x 1,20 m<br \/>\n2,20 x 1,20 m<br \/>\n2,30 x 1,35 m<\/p>\n<p>Consulte cores da mesa e tecido dispon\u00edveis.<br \/>\nAcompanha 4 tacos, 1 jogo de bolas, 1 tri\u00e2ngulo, 1 porta tacos e 1 kit de giz.<\/p>\n<p>Para mais informa\u00e7\u00f5es voc\u00ea pode falar com a gente nas redes sociais @babbilhares ou por email, \u00e9 super r\u00e1pido e simples.<\/p>\n","protected":false},"excerpt":{"rendered":"<h1>Mesa Veneza Plus<\/h1>\n<p>Est\u00e1 Mesa de Bilhar \u00e9 uma mesa de alto padr\u00e3o, com ca\u00e7apas de quadro, um design totalmente moderno, que vai combinar muito com o ambiente da sua casa.<\/p>\n<p><a href=\"https:\/\/api.whatsapp.com\/send?l=pt_pt&amp;phone=5551986081041&amp;text=Quero%20saber%20mais%20sobre%20o%20Mesa%20Veneza%20Ca%C3%A7apa%20de%20Quadro\" target=\"_blank\" rel=\"noopener\" class=\"button\">Comprar pelo Whatsapp<\/a><\/p>\n<p><a href=\"https:\/\/snooker.com.br\/bilhar\/contatos\/\"class=\"button\">Or\u00e7ar por email<\/a><\/p>\n","protected":false},"featured_media":4942,"template":"","meta":{"_joinchat":[]},"product_brand":[],"product_cat":[43],"product_tag":[55,56,57,54],"class_list":{"0":"post-4674","1":"product","2":"type-product","3":"status-publish","4":"has-post-thumbnail","6":"product_cat-mesa-de-bilhar-sinuca","7":"product_tag-bilhar","8":"product_tag-jogos-de-diversao","9":"product_tag-sinuca","10":"product_tag-snooker","12":"first","13":"instock","14":"sold-individually","15":"shipping-taxable","16":"product-type-simple"},"jetpack_sharing_enabled":true,"_links":{"self":[{"href":"https:\/\/snooker.com.br\/bilhar\/wp-json\/wp\/v2\/product\/4674","targetHints":{"allow":["GET"]}}],"collection":[{"href":"https:\/\/snooker.com.br\/bilhar\/wp-json\/wp\/v2\/product"}],"about":[{"href":"https:\/\/snooker.com.br\/bilhar\/wp-json\/wp\/v2\/types\/product"}],"wp:featuredmedia":[{"embeddable":true,"href":"https:\/\/snooker.com.br\/bilhar\/wp-json\/wp\/v2\/media\/4942"}],"wp:attachment":[{"href":"https:\/\/snooker.com.br\/bilhar\/wp-json\/wp\/v2\/media?parent=4674"}],"wp:term":[{"taxonomy":"product_brand","embeddable":true,"href":"https:\/\/snooker.com.br\/bilhar\/wp-json\/wp\/v2\/product_brand?post=4674"},{"taxonomy":"product_cat","embeddable":true,"href":"https:\/\/snooker.com.br\/bilhar\/wp-json\/wp\/v2\/product_cat?post=4674"},{"taxonomy":"product_tag","embeddable":true,"href":"https:\/\/snooker.com.br\/bilhar\/wp-json\/wp\/v2\/product_tag?post=4674"}],"curies":[{"name":"wp","href":"https:\/\/api.w.org\/{rel}","templated":true}]}}